{"id":15870,"date":"2017-07-21T09:44:42","date_gmt":"2017-07-21T07:44:42","guid":{"rendered":"https:\/\/imamalimoskeen.dk\/dk\/?page_id=15870"},"modified":"2020-03-02T17:32:01","modified_gmt":"2020-03-02T16:32:01","slug":"booking-af-rundvisning","status":"publish","type":"page","link":"https:\/\/imamalimoskeen.dk\/dk\/aktiviteter\/booking-af-rundvisning\/","title":{"rendered":"Rundvisning"},"content":{"rendered":"<p>[vc_row][vc_column width=&#8221;1\/2&#8243;][vc_text_separator title=&#8221;BOOKING AF RUNDVISNING&#8221; title_align=&#8221;separator_align_left&#8221;][vc_column_text][ninja_form id=5][\/vc_column_text][\/vc_column][vc_column width=&#8221;1\/2&#8243;][vc_text_separator title=&#8221;PRISER FOR RUNDVISNING&#8221; title_align=&#8221;separator_align_right&#8221;][vc_column_text]<iframe loading=\"lazy\" src=\"https:\/\/www.youtube.com\/embed\/lvoghZ15um4\" width=\"520\" height=\"270\" frameborder=\"0\" allowfullscreen=\"allowfullscreen\"><\/iframe><\/p>\n<p>Har du lyst til at bes\u00f8ge vores moske og h\u00f8re mere omkring arkitekturen? Har du lyst til at vide mere om shiismen, og hvad der g\u00f8r vores moske helt s\u00e6rlig? Hos Imam Ali Moskeen tilbyder vi guidede rundvisninger \u00e5ret rundt.<\/p>\n<p><span style=\"font-size: large;\"><strong>M\u00e5nedlig rundvisning<\/strong><\/span><br \/>\nDen f\u00f8rste s\u00f8ndag i m\u00e5neden kl. 14.00 vil der v\u00e6re gratis rundvisning i moskeen for private. Her vil du blive guidet rundt i moskeens forskellige rum, f\u00e5 en introduktion til Islam og f\u00e5 indblik i hvad det er moskeen bliver brugt til til dagligt. Der vil ligeledes v\u00e6re tid til at f\u00e5 besvaret sine\u00a0sp\u00f8rgsm\u00e5l.<\/p>\n<p>Det eneste du skal g\u00f8re for at deltage til disse rundvisninger er at m\u00f8de\u00a0op, s\u00e5 vil du blive tilknytte en omvisningsgruppe. De gratis s\u00f8ndagsrundvisninger\u00a0er af ca. 1\u00bd &#8211; 2 timers varighed. Du er dog mere end velkommen til at blive der efterf\u00f8lgende.<\/p>\n<p><span style=\"font-size: large;\"><strong>Rundvisning for grupper<\/strong><\/span><br \/>\nS\u00f8ger du derimod en rundvisning i moskeen p\u00e5 vegne af en offentlig institution, en virksomhed, en forening el.lign. tilbyder vi ligeledes guidede rundvisninger med masser af mulighed for besvarelse af sp\u00f8rgsm\u00e5l. Disse rundvisninger varer typisk 1-1\u00bd time. Rundvisningerne kan ligeledes tilpasses hvis I s\u00f8ger noget helt bestemt.<\/p>\n<p>&#8211; Pris for uddannelsesinstitutioner: 800 kr.<br \/>\n&#8211; \u00a0Pris for nationale g\u00e6ster: 1000 kr.<br \/>\n&#8211; \u00a0Pris for internationale g\u00e6ster: 1200 kr.<\/p>\n<p>Maks. antal personer pr. rundvisning: 30 personer<br \/>\n*Elektroniske (EAN) faktura koster 50 kr. ekstra i administrationsgebyr.<\/p>\n<p>Rundvisningerne starter altid i konferencesalen.<\/p>\n<p>Du er altid velkommen til at kigge forbi moskeen inden for vores \u00e5bningstider.<\/p>\n<p>NB: Kun rundvisninger aftalt gennem <a href=\"mailto:rundvisning@imamalimoskeen.dk\">rundvisning@imamalimoskeen.dk<\/a> er godkendt af Imam Ali Moskeen. Derfor st\u00e5r vi kun inde for rundvisninger booket over <a href=\"mailto:rundvisning@imamalimoskeen.dk\">rundvisning@imamalimoskeen.dk<\/a>\u00a0eller via siden her.[\/vc_column_text][\/vc_column][\/vc_row]<\/p>\n","protected":false},"excerpt":{"rendered":"<p>&#8230;<\/p>\n","protected":false},"author":1,"featured_media":27299,"parent":15650,"menu_order":0,"comment_status":"closed","ping_status":"closed","template":"","meta":{"footnotes":""},"class_list":["post-15870","page","type-page","status-publish","has-post-thumbnail","hentry"],"_links":{"self":[{"href":"https:\/\/imamalimoskeen.dk\/dk\/wp-json\/wp\/v2\/pages\/15870","targetHints":{"allow":["GET"]}}],"collection":[{"href":"https:\/\/imamalimoskeen.dk\/dk\/wp-json\/wp\/v2\/pages"}],"about":[{"href":"https:\/\/imamalimoskeen.dk\/dk\/wp-json\/wp\/v2\/types\/page"}],"author":[{"embeddable":true,"href":"https:\/\/imamalimoskeen.dk\/dk\/wp-json\/wp\/v2\/users\/1"}],"replies":[{"embeddable":true,"href":"https:\/\/imamalimoskeen.dk\/dk\/wp-json\/wp\/v2\/comments?post=15870"}],"version-history":[{"count":18,"href":"https:\/\/imamalimoskeen.dk\/dk\/wp-json\/wp\/v2\/pages\/15870\/revisions"}],"predecessor-version":[{"id":17079,"href":"https:\/\/imamalimoskeen.dk\/dk\/wp-json\/wp\/v2\/pages\/15870\/revisions\/17079"}],"up":[{"embeddable":true,"href":"https:\/\/imamalimoskeen.dk\/dk\/wp-json\/wp\/v2\/pages\/15650"}],"wp:featuredmedia":[{"embeddable":true,"href":"https:\/\/imamalimoskeen.dk\/dk\/wp-json\/wp\/v2\/media\/27299"}],"wp:attachment":[{"href":"https:\/\/imamalimoskeen.dk\/dk\/wp-json\/wp\/v2\/media?parent=15870"}],"curies":[{"name":"wp","href":"https:\/\/api.w.org\/{rel}","templated":true}]}}