{"id":16631,"date":"2018-09-10T22:00:29","date_gmt":"2018-09-10T20:00:29","guid":{"rendered":"https:\/\/imamalimoskeen.dk\/dk\/?page_id=16631"},"modified":"2019-11-05T19:32:57","modified_gmt":"2019-11-05T18:32:57","slug":"medlemsskab","status":"publish","type":"page","link":"https:\/\/imamalimoskeen.dk\/dk\/medlemsskab\/","title":{"rendered":"Medlemskab"},"content":{"rendered":"<p>[vc_row][vc_column][vc_column_text]Hj\u00e6lp med at f\u00e5 Ahlul Bayts (fvmh) l\u00e6re gjort nemmere tilg\u00e6ngeligt for den danske befolkning[\/vc_column_text][vc_column_text]<\/p>\n<div id=\"fund\" data-of=\"onlinefundraising.dk\/imamalimoske\" data-form=\"23\"><\/div>\n<p><script type=\"text\/javascript\">var e=document.getElementById(\"fund\");if(null!==e){var s=document.createElement(\"script\"),x=document.getElementsByTagName(\"script\")[0];s.type=\"text\/javascript\",s.async=!0,s.src=\"https:\/\/onlinefundraising.dk\/js\/3.8\/iframe.js\",x.parentNode.insertBefore(s,x)}<\/script>[\/vc_column_text][\/vc_column][\/vc_row]<\/p>\n","protected":false},"excerpt":{"rendered":"<p>&#8230;<\/p>\n","protected":false},"author":1,"featured_media":0,"parent":0,"menu_order":0,"comment_status":"closed","ping_status":"closed","template":"","meta":{"footnotes":""},"class_list":["post-16631","page","type-page","status-publish","hentry"],"_links":{"self":[{"href":"https:\/\/imamalimoskeen.dk\/dk\/wp-json\/wp\/v2\/pages\/16631","targetHints":{"allow":["GET"]}}],"collection":[{"href":"https:\/\/imamalimoskeen.dk\/dk\/wp-json\/wp\/v2\/pages"}],"about":[{"href":"https:\/\/imamalimoskeen.dk\/dk\/wp-json\/wp\/v2\/types\/page"}],"author":[{"embeddable":true,"href":"https:\/\/imamalimoskeen.dk\/dk\/wp-json\/wp\/v2\/users\/1"}],"replies":[{"embeddable":true,"href":"https:\/\/imamalimoskeen.dk\/dk\/wp-json\/wp\/v2\/comments?post=16631"}],"version-history":[{"count":3,"href":"https:\/\/imamalimoskeen.dk\/dk\/wp-json\/wp\/v2\/pages\/16631\/revisions"}],"predecessor-version":[{"id":25591,"href":"https:\/\/imamalimoskeen.dk\/dk\/wp-json\/wp\/v2\/pages\/16631\/revisions\/25591"}],"wp:attachment":[{"href":"https:\/\/imamalimoskeen.dk\/dk\/wp-json\/wp\/v2\/media?parent=16631"}],"curies":[{"name":"wp","href":"https:\/\/api.w.org\/{rel}","templated":true}]}}