{"id":29990,"date":"2020-06-14T23:40:07","date_gmt":"2020-06-14T21:40:07","guid":{"rendered":"https:\/\/imamalimoskeen.dk\/dk\/?page_id=29990"},"modified":"2020-07-18T22:13:09","modified_gmt":"2020-07-18T20:13:09","slug":"indkaldelse-til-ordinaer-generalforsamling","status":"publish","type":"page","link":"https:\/\/imamalimoskeen.dk\/dk\/indkaldelse-til-ordinaer-generalforsamling\/","title":{"rendered":"Indkaldelse til ordin\u00e6r generalforsamling 2020"},"content":{"rendered":"<p style=\"text-align: center;\"><strong>INDKALDELSE TIL ORDIN\u00c6R GENERALFORSAMLING 2020<\/strong><\/p>\n<p>&nbsp;<\/p>\n<p>Foreningen Ahlul Bait indkalder hermed til ordin\u00e6r generalforsamling s\u00f8ndag den 19. juli 2020, kl. 14:30-16:00.<\/p>\n<p>&nbsp;<\/p>\n<p>Dagsorden:<\/p>\n<ul>\n<li>Valg af dirigent og referent.<\/li>\n<li>Bestyrelsens beretning<\/li>\n<li>Freml\u00e6ggelse af opdaterede vedt\u00e6gter<\/li>\n<li>Godkendelse af opdaterede vedt\u00e6gter<\/li>\n<li>Freml\u00e6ggelse af \u00e5rsregnskab<\/li>\n<li>Godkendelse af \u00e5rsregnskab<\/li>\n<li>Eventuelt.<\/li>\n<\/ul>\n<p>Forslag, der \u00f8nskes behandlet p\u00e5 generalforsamlingen skal v\u00e6re formanden i h\u00e6nde 3 dage f\u00f8r generalforsamlingen, torsdag d. 16 juli 2020.<a name=\"_gjdgxs\"><\/a><\/p>\n<p>&nbsp;<\/p>\n<p>Med venlig hilsen<\/p>\n<p>Bestyrelsen<\/p>\n<p>Dato: 05. Juli 2020<\/p>\n<p><span style=\"color: #3366ff;\">Vi beklager at vi var n\u00f8dt til at rykke generalforsamlingen fra 12 til 19 juli 2020.<\/span><\/p>\n<p>&nbsp;<\/p>\n<p>K\u00e6re medlemmer af foreningen Ahlul Bait<\/p>\n<p>De medlemmer har \u00e6ndret deres telefonnummer uden at foreningen har modtaget opdateringen ,bedes venligst kontakte moskeen p\u00e5 f\u00f8lgende e-mail : info@imamalimoskeen.dk, hvor det nye telefonnummer angives.<\/p>\n<p><span style=\"color: #3366ff;\">\u00a0<\/span><\/p>\n","protected":false},"excerpt":{"rendered":"<p>&#8230;<\/p>\n","protected":false},"author":1,"featured_media":0,"parent":0,"menu_order":0,"comment_status":"closed","ping_status":"closed","template":"","meta":{"footnotes":""},"class_list":["post-29990","page","type-page","status-publish","hentry"],"_links":{"self":[{"href":"https:\/\/imamalimoskeen.dk\/dk\/wp-json\/wp\/v2\/pages\/29990","targetHints":{"allow":["GET"]}}],"collection":[{"href":"https:\/\/imamalimoskeen.dk\/dk\/wp-json\/wp\/v2\/pages"}],"about":[{"href":"https:\/\/imamalimoskeen.dk\/dk\/wp-json\/wp\/v2\/types\/page"}],"author":[{"embeddable":true,"href":"https:\/\/imamalimoskeen.dk\/dk\/wp-json\/wp\/v2\/users\/1"}],"replies":[{"embeddable":true,"href":"https:\/\/imamalimoskeen.dk\/dk\/wp-json\/wp\/v2\/comments?post=29990"}],"version-history":[{"count":13,"href":"https:\/\/imamalimoskeen.dk\/dk\/wp-json\/wp\/v2\/pages\/29990\/revisions"}],"predecessor-version":[{"id":30047,"href":"https:\/\/imamalimoskeen.dk\/dk\/wp-json\/wp\/v2\/pages\/29990\/revisions\/30047"}],"wp:attachment":[{"href":"https:\/\/imamalimoskeen.dk\/dk\/wp-json\/wp\/v2\/media?parent=29990"}],"curies":[{"name":"wp","href":"https:\/\/api.w.org\/{rel}","templated":true}]}}