{"id":54,"date":"2018-10-01T00:01:18","date_gmt":"2018-09-30T22:01:18","guid":{"rendered":"http:\/\/8theme.com\/import\/woopress\/demo\/?page_id=54"},"modified":"2023-11-07T19:36:18","modified_gmt":"2023-11-07T18:36:18","slug":"hjem","status":"publish","type":"page","link":"https:\/\/imamalimoskeen.dk\/dk\/","title":{"rendered":"Velkommen til Imam Ali Moske"},"content":{"rendered":"<p>[vc_row css=&#8221;.vc_custom_1466845949043{margin-top: 0px !important;}&#8221;][vc_column][rev_slider_vc alias=&#8221;forside&#8221;][\/vc_column][\/vc_row][vc_row][vc_column][vc_btn title=&#8221;MEDDELELSE FRA IMAM ALI MOSK\u00c9ENS BESTYRELSE&#8221; color=&#8221;primary&#8221; align=&#8221;center&#8221; i_icon_fontawesome=&#8221;fa fa-info&#8221; button_block=&#8221;true&#8221; add_icon=&#8221;true&#8221; link=&#8221;url:https%3A%2F%2Fimamalimoskeen.dk%2Fdk%2Fmeddelelse-fra-imam-ali-moskeens-bestyrelse%2F|title:MEDDELELSE%20FRA%20IMAM%20ALI%20MOSK%C3%89ENS%20BESTYRELSE||&#8221;][vc_column_text]<\/p>\n<p>[\/vc_column_text][\/vc_column][\/vc_row][vc_row][vc_column width=&#8221;1\/3&#8243;][vc_column_text]<\/p>\n<h2 style=\"font-size: 28px; font-weight: bold; color: #282828; font-family: Montserrat, sans-serif; margin-top: 20px; text-align: center;\">[xyz-ips snippet=&#8221;link&#8221;]<u>B\u00f8ntider<\/u><\/h2>\n<p style=\"font-family: 'Open Sans', sans-serif; color: #8e8e8e; font-size: 14px; font-weight: 300; line-height: 20px; text-align: center;\">B\u00f8ntider for i dag<br \/>\nog resten af m\u00e5neden[\/vc_column_text][\/vc_column][vc_column width=&#8221;1\/3&#8243;][vc_column_text]<\/p>\n<h2 style=\"text-align: center; font-size: 28px; font-weight: bold; color: #282828; font-family: 'Montserrat', sans-serif; margin-top: 20px;\"><a href=\"https:\/\/imamalimoskeen.dk\/dk\/?page_id=16631\"><u>Medlemsskab<\/u><\/a><\/h2>\n<p style=\"text-align: center; font-family: 'Open Sans', sans-serif; color: #8e8e8e; font-size: 14px; font-weight: 300; line-height: 20px;\">Hj\u00e6lp med at f\u00e5 Ahlul Bayts (fvmd) l\u00e6re gjort nemmere tilg\u00e6ngeligt for den danske befolkning<\/p>\n<p>[\/vc_column_text][\/vc_column][vc_column width=&#8221;1\/3&#8243;][vc_column_text]<\/p>\n<h2 style=\"font-size: 28px; font-weight: bold; color: #282828; font-family: Montserrat, sans-serif; margin-top: 20px; text-align: center;\"><a href=\"http:\/\/www.facebook.com\/intmuswor\"><u>Seneste nyt<\/u><\/a><\/h2>\n<p style=\"font-family: 'Open Sans', sans-serif; color: #8e8e8e; font-size: 14px; font-weight: 300; line-height: 20px; text-align: center;\">Vil du holdes opdateret omkring<br \/>\nvores arbejde? Klik ind p\u00e5 Facebook[\/vc_column_text][\/vc_column][\/vc_row][vc_row][\/vc_row][vc_column][\/vc_column]<\/p>\n","protected":false},"excerpt":{"rendered":"<p>&#8230;<\/p>\n","protected":false},"author":1,"featured_media":0,"parent":0,"menu_order":0,"comment_status":"closed","ping_status":"closed","template":"","meta":{"footnotes":""},"class_list":["post-54","page","type-page","status-publish","hentry"],"_links":{"self":[{"href":"https:\/\/imamalimoskeen.dk\/dk\/wp-json\/wp\/v2\/pages\/54","targetHints":{"allow":["GET"]}}],"collection":[{"href":"https:\/\/imamalimoskeen.dk\/dk\/wp-json\/wp\/v2\/pages"}],"about":[{"href":"https:\/\/imamalimoskeen.dk\/dk\/wp-json\/wp\/v2\/types\/page"}],"author":[{"embeddable":true,"href":"https:\/\/imamalimoskeen.dk\/dk\/wp-json\/wp\/v2\/users\/1"}],"replies":[{"embeddable":true,"href":"https:\/\/imamalimoskeen.dk\/dk\/wp-json\/wp\/v2\/comments?post=54"}],"version-history":[{"count":5,"href":"https:\/\/imamalimoskeen.dk\/dk\/wp-json\/wp\/v2\/pages\/54\/revisions"}],"predecessor-version":[{"id":30688,"href":"https:\/\/imamalimoskeen.dk\/dk\/wp-json\/wp\/v2\/pages\/54\/revisions\/30688"}],"wp:attachment":[{"href":"https:\/\/imamalimoskeen.dk\/dk\/wp-json\/wp\/v2\/media?parent=54"}],"curies":[{"name":"wp","href":"https:\/\/api.w.org\/{rel}","templated":true}]}}